{"id":6129,"date":"2019-04-14T15:25:49","date_gmt":"2019-04-14T13:25:49","guid":{"rendered":"https:\/\/oneentrenamientopersonal.com\/?page_id=6129"},"modified":"2019-04-14T15:31:11","modified_gmt":"2019-04-14T13:31:11","slug":"aviso-legal","status":"publish","type":"page","link":"https:\/\/stronggirlsacademy.com\/centro\/aviso-legal\/","title":{"rendered":"Aviso legal"},"content":{"rendered":"\n<p>En esta p\u00e1gina pod\u00e9is encontrar toda la informaci\u00f3n sobre el&nbsp;<strong>aviso legal<\/strong>, las&nbsp;<strong>condiciones de venta<\/strong>y la&nbsp;<strong>pol\u00edtica de cookies<\/strong>.<\/p>\n\n\n\n<p><strong>1. AVISO LEGAL y CONDICIONES DE USO\u00a0DE LA WEB www.oneentrenamientopersonal.com<\/strong><\/p>\n\n\n\n<p>La utilizaci\u00f3n del portal www.oneentrenamientopersonal.com est\u00e1 sujeta a las siguientes condiciones de uso que rogamos lea atentamente.<\/p>\n\n\n\n<p><strong>TITULARIDAD DE LA WEB<\/strong><\/p>\n\n\n\n<ul><li>Nombre de dominio: https:\/\/stronggirlsacademy.com\/centro<\/li><li>Titular: \u00c1ngel Moreno Prados<\/li><li>e-Mail: \u00a0angel@oneentrenamientopersonal.com<\/li><\/ul>\n\n\n\n<p><strong>OBJETO<\/strong><\/p>\n\n\n\n<p>El prestador, responsable del sitio web (\u00c1ngel , en adelante), pone a disposici\u00f3n de los usuarios el presente documento con el que pretende dar cumplimiento a las obligaciones dispuestas en la Ley 34\/2002, de Servicios de la Sociedad de la Informaci\u00f3n y del Comercio Electr\u00f3nico (LSSICE), as\u00ed como informar a todos los usuarios del sitio web respecto a cu\u00e1les son las condiciones de uso del sitio web.<\/p>\n\n\n\n<p>Toda persona que acceda a este sitio web asume el papel de USUARIO, comprometi\u00e9ndose a la observancia y cumplimiento riguroso de las disposiciones aqu\u00ed dispuestas, as\u00ed como a cualesquiera otra disposici\u00f3n legal que fuera de aplicaci\u00f3n<\/p>\n\n\n\n<p><strong>RESPONSABILIDAD<\/strong><\/p>\n\n\n\n<p>El prestador se exime de cualquier tipo de responsabilidad derivada de la informaci\u00f3n publicada en su sitio web, siempre que esta informaci\u00f3n haya sido manipulada o introducida por un tercero ajeno al mismo.<\/p>\n\n\n\n<p>El servicio de acceso al Portal incluye enlaces o links que pueden conducir al usuario a otros sitios y p\u00e1ginas web gestionados por terceros, sobre las que \u00c1ngel no ejerce ning\u00fan tipo de control. En estos casos, \u00c1ngel act\u00faa como prestador de servicios de intermediaci\u00f3n de conformidad con lo dispuesto en el art\u00edculo 17 de la LSSICE. \u00c1ngel no responde ni de los contenidos ni del estado de dichos sitios y p\u00e1ginas web.<\/p>\n\n\n\n<p>El prestador no se hace responsable de la informaci\u00f3n y contenidos almacenados, a t\u00edtulo enunciativo pero no limitativo, en foros, chat\u00b4s, generadores de blogs, comentarios, redes sociales o cualesquiera otro medio que permita a terceros publicar contenidos de forma independiente en la p\u00e1gina web del prestador. No obstante y en cumplimiento de lo dispuesto en el art. 11 y 16 de la LSSICE, el prestador se pone a disposici\u00f3n de todos los usuarios, autoridades y fuerzas de seguridad, y colaborando de forma activa en la retirada o en su caso bloqueo de todos aquellos contenidos que pudieran afectar o contravenir la legislaci\u00f3n nacional, o internacional, derechos de terceros o la moral y el orden p\u00fablico.<\/p>\n\n\n\n<p><strong>DERECHOS DE PROPIEDAD INDUSTRIAL E INTELECTUAL<\/strong><\/p>\n\n\n\n<p>El Usuario reconoce y acepta que todos los derechos de propiedad industrial e intelectual sobre los contenidos y cualesquiera otros elementos insertados en el Sitio Web pertenecen a \u00c1ngel.<\/p>\n\n\n\n<p>La totalidad del contenido del sitio web, incluyendo a t\u00edtulo enunciativo pero no limitativo su programaci\u00f3n, edici\u00f3n, compilaci\u00f3n y dem\u00e1s elementos necesarios para su funcionamiento, los dise\u00f1os, logotipos, texto y\/o gr\u00e1ficos, im\u00e1genes, material gr\u00e1fico o art\u00edstico presente en la web, son propiedad del prestador o en su caso dispone de licencia o autorizaci\u00f3n expresa por parte de los autores. Todos los contenidos del sitio web est\u00e1n protegidos por derechos de propiedad industrial e intelectual, inscritos en los correspondientes registros p\u00fablicos bajo la titularidad de \u00c1ngel o de terceros, sin que puedan entenderse cedidos al Usuario ninguno de los derechos de explotaci\u00f3n sobre los mismos m\u00e1s all\u00e1 de lo estrictamente necesario para el correcto uso del Portal.<\/p>\n\n\n\n<p>Se autoriza a cualquier persona f\u00edsica o jur\u00eddica el establecimiento en sus p\u00e1ginas o sitios web de enlaces a la web, tanto a su p\u00e1gina principal como a cualquiera de sus p\u00e1ginas. No obstante, se proh\u00edben expresamente los enlaces a cualquiera de las p\u00e1ginas del sitio web que impliquen el visionado de las mismas en el navegador por medio de marcos o frames.<\/p>\n\n\n\n<p><strong>PROTECCI\u00d3N DE DATOS<\/strong><\/p>\n\n\n\n<p>De acuerdo con la normativa vigente en materia de protecci\u00f3n de datos, as\u00ed como en materia de servicios de la sociedad de la informaci\u00f3n y de comercio electr\u00f3nico, el Usuario acepta que los datos personales aportados en el momento de su registro o cualquier otro facilitado a \u00c1ngel, para su acceso a algunos de los servicios (suscripci\u00f3n a cursos, contrataci\u00f3n de formaci\u00f3n online, solicitud de formaci\u00f3n presencial, solicitud de servicios de consultor\u00eda, descarga de software, etc) sean incorporados al fichero de clientes, potenciales y contactos de Strong Girls Academy , on la finalidad de recabar los datos necesarios para dar respuesta a las solicitudes de informaci\u00f3n, contacto, contrataci\u00f3n y\/o de presupuesto, gesti\u00f3n de clientes, facturaci\u00f3n, cobros y pagos, obtenci\u00f3n de estad\u00edsticas e hist\u00f3ricos comerciales.<\/p>\n\n\n\n<p>Adem\u00e1s, ser\u00e1n utilizados para hacerle llegar informaci\u00f3n, incluso por medios electr\u00f3nicos (correo electr\u00f3nico SMS, etc) sobre productos y servicios relacionados con los contratados o solicitados. &nbsp;En el caso de comunicaciones comerciales mediante correo electr\u00f3nico o medio equivalente, el usuario presta su consentimiento expreso para el env\u00edo de comunicaciones a trav\u00e9s de dicho medio.<\/p>\n\n\n\n<p>El Usuario podr\u00e1 revocar el consentimiento prestado para el env\u00edo de comunicaciones comerciales as\u00ed como ejercer sus derechos de acceso, rectificaci\u00f3n, cancelaci\u00f3n y oposici\u00f3n, dirigi\u00e9ndose a \u00c1ngel Moreno &nbsp;en las direcciones establecidas en el apartado de Titularidad de la web.<\/p>\n\n\n\n<p><strong>LEY APLICABLE Y JURISDICCI\u00d3N<\/strong><\/p>\n\n\n\n<p>Para la resoluci\u00f3n de todas las controversias o cuestiones relacionadas con el presente sitio web o de las actividades en \u00e9l desarrolladas, ser\u00e1 de aplicaci\u00f3n la legislaci\u00f3n espa\u00f1ola, a la que se someten expresamente las partes, siendo competentes para la resoluci\u00f3n de todos los conflictos derivados o relacionados con su uso los Juzgados y Tribunales de&nbsp;<em>Madrid.<\/em><\/p>\n\n\n\n<hr class=\"wp-block-separator\"\/>\n\n\n\n<p><strong>2. CONDICIONES GENERALES DE VENTA A TRAV\u00c9S DE LA WEB&nbsp;<\/strong><\/p>\n\n\n\n<p><strong>Productos y precios<\/strong><\/p>\n\n\n\n<p>En la p\u00e1gina web pueden adquirirse cursos, formaci\u00f3n y servicios de consultor\u00eda. Todos ellos aparecen definidos en una ficha y muestran el precio de los mismos.<\/p>\n\n\n\n<p>Los precios de los servicios o productos mostrados en nuestra web se indican en euros e incluyen el IVA a no ser que se indique lo contrario.<\/p>\n\n\n\n<p>Las ofertas est\u00e1n debidamente marcadas e identificadas como tal. Su plazo de validez tiene efectividad mientras aparecen en su pantalla. Dichas ofertas podr\u00e1n ser modificadas o canceladas sin previo aviso.<\/p>\n\n\n\n<p><strong>Proceso de compra<\/strong><\/p>\n\n\n\n<p>Para realizar un pedido (de curso, formaci\u00f3n y\/o consultor\u00eda) en nuestra web es necesario registrarse durante el proceso de compra. Nuestra tienda permite crear una cuenta de cliente, con tu direcci\u00f3n de correo electr\u00f3nico y la contrase\u00f1a que t\u00fa elijas, para facilitar el inicio de sesi\u00f3n y las futuras compras. Estos datos ser\u00e1n tratados e incorporados a nuestros ficheros, tal como se informa en nuestro apartado de protecci\u00f3n de datos de car\u00e1cter personal contenido en el Aviso Legal.<\/p>\n\n\n\n<ul><li>Para realizar una compra, debes elegir el producto o servicio y autom\u00e1ticamente el sistema te redirigir\u00e1 a la p\u00e1gina de pedido (carrito).<\/li><li>En esta pantalla deber\u00e1s indicar tu nombre, apellidos y correo (salvo que ya hayas iniciado sesi\u00f3n), adem\u00e1s de elegir un m\u00e9todo de pago.<\/li><li>Una vez completado, pulsa el bot\u00f3n \u201cPagar\u201d.<\/li><li>A continuaci\u00f3n se te mostrar\u00e1 una p\u00e1gina de confirmaci\u00f3n de la compra con un enlace de descarga, si has adquirido un software o descargable, o con una confirmaci\u00f3n de contrataci\u00f3n, si se trata de un servicio.<\/li><\/ul>\n\n\n\n<p><strong>Formas de pago<\/strong><\/p>\n\n\n\n<p>\u00c1ngel ofrece a sus clientes la posibilidad de elegir entre varias formas de pago diferentes:<\/p>\n\n\n\n<ul><li>Tarjeta de cr\u00e9dito:&nbsp;Si elige esta forma de pago entrar\u00e1 en la p\u00e1gina web segura de nuestra entidad financiera, donde se le solicitar\u00e1 el n\u00famero de su tarjeta y la fecha de caducidad. Para su tranquilidad, se le garantiza una absoluta seguridad, ya que tanto sus datos personales como los de su tarjeta viajan encriptados gracias al servidor seguro SSL proporcionado por esta entidad financiera. Los datos sobre su tarjeta de cr\u00e9dito no quedan registrados en ninguna base de datos sino que van directamente al TPV (Terminal Punto de Venta) del Banco. Asimismo, en ning\u00fan momento se recibe los datos de su tarjeta, s\u00f3lo la confirmaci\u00f3n de su pago.<\/li><\/ul>\n\n\n\n<p><strong>Anulaci\u00f3n y Devoluciones<\/strong><\/p>\n\n\n\n<p>El cliente deber\u00e1 tener en cuenta las&nbsp;<strong>excepciones<\/strong>que la legislaci\u00f3n vigente en materia de consumidores y usuarios establece para el derecho de desistimiento. En concreto (tal como establece el art\u00edculo 103 del Real Decreto Legislativo 1\/2007, por el que se aprueba el texto refundido de la Ley General para la Defensa de los Consumidores y Usuarios y otras leyes complementarias) el derecho de desistimiento no ser\u00e1 aplicable a los contratos que se refieran a&nbsp;<strong>suministro de contenido digital<\/strong>(programas, aplicaciones, juegos, m\u00fasica, v\u00eddeos o textos inform\u00e1ticos, tanto por descarga o emisi\u00f3n en tiempo real), que no se preste en un soporte material&nbsp;<strong>cuando la ejecuci\u00f3n haya comenzado.<\/strong><\/p>\n\n\n\n<p><strong>As\u00ed que cuando el cliente est\u00e9 adquiriendo un producto descargable y esta descarga ya se haya iniciado pierde su derecho de desistimiento.<\/strong><\/p>\n\n\n\n<p><strong>Obligaciones del Cliente<\/strong><\/p>\n\n\n\n<p>El cliente de nuestra tienda online se compromete en todo momento a facilitar informaci\u00f3n veraz sobre los datos solicitados en los diferentes formularios de compra.<\/p>\n\n\n\n<p>En el supuesto de la venta o comercializaci\u00f3n de productos de nuestro sitio web que requieran que el comprador tenga una determinada edad seg\u00fan la legislaci\u00f3n vigente de su pa\u00eds de origen, el comprador manifiesta que cumple dicho requisito para formalizar la compra.<\/p>\n\n\n\n<hr class=\"wp-block-separator\"\/>\n\n\n\n<p><strong>3. POL\u00cdTICA DE COOKIES:<\/strong><\/p>\n\n\n\n<p><strong>Definici\u00f3n y funci\u00f3n de las&nbsp;<\/strong><strong><em>cookies&nbsp;<\/em><\/strong><\/p>\n\n\n\n<p>Una&nbsp;<em>cookie&nbsp;<\/em>es un fichero que se descarga en su ordenador al acceder a determinadas p\u00e1ginas web. Las&nbsp;<em>cookies&nbsp;<\/em>permiten a una p\u00e1gina web, entre otras cosas, almacenar y recuperar informaci\u00f3n sobre los h\u00e1bitos de navegaci\u00f3n de un usuario o de su equipo y, dependiendo de la informaci\u00f3n que contengan y de la forma en que utilice su equipo, pueden utilizarse para reconocer al usuario.<\/p>\n\n\n\n<p><strong>\u00bfQu\u00e9 tipos de cookies utiliza esta p\u00e1gina web?&nbsp;<\/strong><\/p>\n\n\n\n<p><strong>Cookies t\u00e9cnicas<\/strong><em>: Son aqu\u00e9llas que permiten al usuario la navegaci\u00f3n a trav\u00e9s de una<\/em>p\u00e1gina web, plataforma o aplicaci\u00f3n y la utilizaci\u00f3n de las diferentes opciones o servicios que en ella existan como, por ejemplo, controlar el tr\u00e1fico y la comunicaci\u00f3n de datos, identificar la sesi\u00f3n, acceder a partes de acceso restringido, recordar los elementos que integran un pedido, realizar el proceso de compra de un pedido, realizar la solicitud de inscripci\u00f3n o participaci\u00f3n en un evento, utilizar elementos de seguridad durante la navegaci\u00f3n, almacenar contenidos para la difusi\u00f3n de videos o sonido o compartir contenidos a trav\u00e9s de redes sociales.<\/p>\n\n\n\n<p><strong>Cook<\/strong><strong>ies de an\u00e1lisis<\/strong>: Son aqu\u00e9llas que bien tratadas por nosotros o por terceros, nos permiten cuantificar el n\u00famero de usuarios y as\u00ed realizar la medici\u00f3n y an\u00e1lisis estad\u00edstico de la utilizaci\u00f3n que hacen los usuarios del servicio ofertado. Para ello se analiza su navegaci\u00f3n en nuestra p\u00e1gina web con el fin de mejorar la oferta de productos o servicios que le ofrecemos. Cookies de an\u00e1lisis: Se analiza su navegaci\u00f3n utilizando programas de anal\u00edtica web que recaban informaci\u00f3n referente al usuario de la web (IP, principalmente), as\u00ed como la navegaci\u00f3n que \u00e9ste ha realizado (origen, visitas, tiempo en la p\u00e1gina, etc).<\/p>\n\n\n\n<p><strong>Cookies de personalizaci\u00f3n<\/strong>: Son aqu\u00e9llas que permiten al usuario acceder al servicio con algunas caracter\u00edsticas de car\u00e1cter general predefinidas en funci\u00f3n de una serie de criterios en el terminal del usuario como por ejemplo serian el idioma, el tipo de navegador a trav\u00e9s del cual accede al servicio, la configuraci\u00f3n regional desde donde accede al servicio, etc.<\/p>\n\n\n\n<p><strong>Cookies de terceros<\/strong>: Esta p\u00e1gina web utiliza Google Analytics, un servicio anal\u00edtico de web prestado por Google, Inc., una compa\u00f1\u00eda de Delaware cuya oficina principal est\u00e1 en 1600 Amphitheatre Parkway, Mountain View (California), CA 94043, Estados Unidos (\u201cGoogle\u201d). Google Analytics utiliza \u201ccookies\u201d, que son archivos de texto ubicados en su ordenador, para ayudar al website a analizar el uso que hacen los usuarios del sitio web. La informaci\u00f3n que genera la cookie acerca de su uso del website (incluyendo su direcci\u00f3n IP) ser\u00e1 directamente transmitida y archivada por Google en los servidores de Estados Unidos. Google usar\u00e1 esta informaci\u00f3n por cuenta nuestra con el prop\u00f3sito de seguir la pista de su uso del website, recopilando informes de la actividad del website y prestando otros servicios relacionados con la actividad del website y el uso de Internet. Google podr\u00e1 transmitir dicha informaci\u00f3n a terceros cuando as\u00ed se lo requiera la legislaci\u00f3n, o cuando dichos terceros procesen la informaci\u00f3n por cuenta de Google. Google no asociar\u00e1 su direcci\u00f3n IP con ning\u00fan otro dato del que disponga Google. Puede Usted rechazar el tratamiento de los datos o la informaci\u00f3n rechazando el uso de cookies mediante la selecci\u00f3n de la configuraci\u00f3n apropiada de su navegador, sin embargo, debe Usted saber que si lo hace puede ser que no pueda usar la plena funcionabilidad de este website. Al utilizar este website Usted consiente el tratamiento de informaci\u00f3n acerca de Usted por Google en la forma y para los fines arriba indicados.<\/p>\n\n\n\n<p><strong>\u00bfC\u00f3mo administrar cookies en el navegador?<\/strong><\/p>\n\n\n\n<p>El usuario acepta expresamente, por la utilizaci\u00f3n de este Site,&nbsp;el tratamiento de la informaci\u00f3n&nbsp;recabada en la forma y con los fines anteriormente mencionados. Y asimismo reconoce conocer la posibilidad de rechazar el tratamiento de&nbsp;tales datos o informaci\u00f3n&nbsp;rechazando el uso de Cookies mediante la selecci\u00f3n de la configuraci\u00f3n apropiada a tal fin en su navegador. Si bien esta opci\u00f3n de bloqueo de Cookies en su navegador puede no permitirle el uso pleno de todas las funcionalidades del Website.<\/p>\n\n\n\n<p>Puede usted permitir, bloquear o eliminar las cookies instaladas en su equipo mediante la configuraci\u00f3n de las opciones del navegador instalado en su ordenador:&nbsp;<em><a href=\"http:\/\/support.google.com\/chrome\/bin\/answer.py?hl=es&amp;answer=95647\">Chrome<\/a>,&nbsp;<\/em><em><a href=\"http:\/\/windows.microsoft.com\/es-es\/windows7\/how-to-manage-cookies-in-internet-explorer-9\">Explorer<\/a>,&nbsp;<\/em><em><a href=\"http:\/\/support.mozilla.org\/es\/kb\/habilitar-y-deshabilitar-cookies-que-los-sitios-we\">Firefox<\/a>,&nbsp;<\/em><em><a href=\"http:\/\/support.apple.com\/kb\/ph5042\">Safari<\/a>.<\/em><\/p>\n","protected":false},"excerpt":{"rendered":"<p>En esta p\u00e1gina pod\u00e9is encontrar toda la informaci\u00f3n sobre el&nbsp;aviso legal, las&nbsp;condiciones de ventay la&nbsp;pol\u00edtica de cookies. 1. AVISO LEGAL y CONDICIONES DE USO\u00a0DE LA WEB www.oneentrenamientopersonal.com La utilizaci\u00f3n del portal www.oneentrenamientopersonal.com est\u00e1 sujeta a las siguientes condiciones de uso que rogamos lea atentamente. TITULARIDAD DE LA WEB Nombre de dominio: https:\/\/stronggirlsacademy.com\/centro Titular: \u00c1ngel Moreno [&hellip;]<\/p>\n","protected":false},"author":81,"featured_media":0,"parent":0,"menu_order":0,"comment_status":"closed","ping_status":"closed","template":"","meta":{"_genesis_hide_title":false,"_genesis_hide_breadcrumbs":false,"_genesis_hide_singular_image":false,"_genesis_hide_footer_widgets":false,"_genesis_custom_body_class":"","_genesis_custom_post_class":"","_genesis_layout":"","_joinchat":[]},"yoast_head":"<!-- This site is optimized with the Yoast SEO plugin v21.8 - https:\/\/yoast.com\/wordpress\/plugins\/seo\/ -->\n<title>Aviso legal - Strong Girls Academy<\/title>\n<meta name=\"robots\" content=\"index, follow, max-snippet:-1, max-image-preview:large, max-video-preview:-1\" \/>\n<link rel=\"canonical\" href=\"https:\/\/stronggirlsacademy.com\/centro\/aviso-legal\/\" \/>\n<meta property=\"og:locale\" content=\"es_ES\" \/>\n<meta property=\"og:type\" content=\"article\" \/>\n<meta property=\"og:title\" content=\"Aviso legal - Strong Girls Academy\" \/>\n<meta property=\"og:description\" content=\"En esta p\u00e1gina pod\u00e9is encontrar toda la informaci\u00f3n sobre el&nbsp;aviso legal, las&nbsp;condiciones de ventay la&nbsp;pol\u00edtica de cookies. 1. AVISO LEGAL y CONDICIONES DE USO\u00a0DE LA WEB www.oneentrenamientopersonal.com La utilizaci\u00f3n del portal www.oneentrenamientopersonal.com est\u00e1 sujeta a las siguientes condiciones de uso que rogamos lea atentamente. TITULARIDAD DE LA WEB Nombre de dominio: https:\/\/stronggirlsacademy.com\/centro Titular: \u00c1ngel Moreno [&hellip;]\" \/>\n<meta property=\"og:url\" content=\"https:\/\/stronggirlsacademy.com\/centro\/aviso-legal\/\" \/>\n<meta property=\"og:site_name\" content=\"Strong Girls Academy\" \/>\n<meta property=\"article:modified_time\" content=\"2019-04-14T13:31:11+00:00\" \/>\n<meta name=\"twitter:card\" content=\"summary_large_image\" \/>\n<meta name=\"twitter:label1\" content=\"Tiempo de lectura\" \/>\n\t<meta name=\"twitter:data1\" content=\"12 minutos\" \/>\n<script type=\"application\/ld+json\" class=\"yoast-schema-graph\">{\"@context\":\"https:\/\/schema.org\",\"@graph\":[{\"@type\":\"WebPage\",\"@id\":\"https:\/\/stronggirlsacademy.com\/centro\/aviso-legal\/\",\"url\":\"https:\/\/stronggirlsacademy.com\/centro\/aviso-legal\/\",\"name\":\"Aviso legal - Strong Girls Academy\",\"isPartOf\":{\"@id\":\"https:\/\/stronggirlsacademy.com\/centro\/#website\"},\"datePublished\":\"2019-04-14T13:25:49+00:00\",\"dateModified\":\"2019-04-14T13:31:11+00:00\",\"breadcrumb\":{\"@id\":\"https:\/\/stronggirlsacademy.com\/centro\/aviso-legal\/#breadcrumb\"},\"inLanguage\":\"es\",\"potentialAction\":[{\"@type\":\"ReadAction\",\"target\":[\"https:\/\/stronggirlsacademy.com\/centro\/aviso-legal\/\"]}]},{\"@type\":\"BreadcrumbList\",\"@id\":\"https:\/\/stronggirlsacademy.com\/centro\/aviso-legal\/#breadcrumb\",\"itemListElement\":[{\"@type\":\"ListItem\",\"position\":1,\"name\":\"Portada\",\"item\":\"https:\/\/stronggirlsacademy.com\/centro\/\"},{\"@type\":\"ListItem\",\"position\":2,\"name\":\"Aviso legal\"}]},{\"@type\":\"WebSite\",\"@id\":\"https:\/\/stronggirlsacademy.com\/centro\/#website\",\"url\":\"https:\/\/stronggirlsacademy.com\/centro\/\",\"name\":\"Strong Girls Academy\",\"description\":\"\",\"publisher\":{\"@id\":\"https:\/\/stronggirlsacademy.com\/centro\/#organization\"},\"potentialAction\":[{\"@type\":\"SearchAction\",\"target\":{\"@type\":\"EntryPoint\",\"urlTemplate\":\"https:\/\/stronggirlsacademy.com\/centro\/?s={search_term_string}\"},\"query-input\":\"required name=search_term_string\"}],\"inLanguage\":\"es\"},{\"@type\":\"Organization\",\"@id\":\"https:\/\/stronggirlsacademy.com\/centro\/#organization\",\"name\":\"Strong Girls Academy\",\"url\":\"https:\/\/stronggirlsacademy.com\/centro\/\",\"logo\":{\"@type\":\"ImageObject\",\"inLanguage\":\"es\",\"@id\":\"https:\/\/stronggirlsacademy.com\/centro\/#\/schema\/logo\/image\/\",\"url\":\"https:\/\/stronggirlsacademy.com\/centro\/wp-content\/uploads\/2021\/12\/cropped-4-Strong-Girls-Academy-nt-grande-1.png\",\"contentUrl\":\"https:\/\/stronggirlsacademy.com\/centro\/wp-content\/uploads\/2021\/12\/cropped-4-Strong-Girls-Academy-nt-grande-1.png\",\"width\":2084,\"height\":497,\"caption\":\"Strong Girls Academy\"},\"image\":{\"@id\":\"https:\/\/stronggirlsacademy.com\/centro\/#\/schema\/logo\/image\/\"}}]}<\/script>\n<!-- \/ Yoast SEO plugin. -->","yoast_head_json":{"title":"Aviso legal - Strong Girls Academy","robots":{"index":"index","follow":"follow","max-snippet":"max-snippet:-1","max-image-preview":"max-image-preview:large","max-video-preview":"max-video-preview:-1"},"canonical":"https:\/\/stronggirlsacademy.com\/centro\/aviso-legal\/","og_locale":"es_ES","og_type":"article","og_title":"Aviso legal - Strong Girls Academy","og_description":"En esta p\u00e1gina pod\u00e9is encontrar toda la informaci\u00f3n sobre el&nbsp;aviso legal, las&nbsp;condiciones de ventay la&nbsp;pol\u00edtica de cookies. 1. AVISO LEGAL y CONDICIONES DE USO\u00a0DE LA WEB www.oneentrenamientopersonal.com La utilizaci\u00f3n del portal www.oneentrenamientopersonal.com est\u00e1 sujeta a las siguientes condiciones de uso que rogamos lea atentamente. TITULARIDAD DE LA WEB Nombre de dominio: https:\/\/stronggirlsacademy.com\/centro Titular: \u00c1ngel Moreno [&hellip;]","og_url":"https:\/\/stronggirlsacademy.com\/centro\/aviso-legal\/","og_site_name":"Strong Girls Academy","article_modified_time":"2019-04-14T13:31:11+00:00","twitter_card":"summary_large_image","twitter_misc":{"Tiempo de lectura":"12 minutos"},"schema":{"@context":"https:\/\/schema.org","@graph":[{"@type":"WebPage","@id":"https:\/\/stronggirlsacademy.com\/centro\/aviso-legal\/","url":"https:\/\/stronggirlsacademy.com\/centro\/aviso-legal\/","name":"Aviso legal - Strong Girls Academy","isPartOf":{"@id":"https:\/\/stronggirlsacademy.com\/centro\/#website"},"datePublished":"2019-04-14T13:25:49+00:00","dateModified":"2019-04-14T13:31:11+00:00","breadcrumb":{"@id":"https:\/\/stronggirlsacademy.com\/centro\/aviso-legal\/#breadcrumb"},"inLanguage":"es","potentialAction":[{"@type":"ReadAction","target":["https:\/\/stronggirlsacademy.com\/centro\/aviso-legal\/"]}]},{"@type":"BreadcrumbList","@id":"https:\/\/stronggirlsacademy.com\/centro\/aviso-legal\/#breadcrumb","itemListElement":[{"@type":"ListItem","position":1,"name":"Portada","item":"https:\/\/stronggirlsacademy.com\/centro\/"},{"@type":"ListItem","position":2,"name":"Aviso legal"}]},{"@type":"WebSite","@id":"https:\/\/stronggirlsacademy.com\/centro\/#website","url":"https:\/\/stronggirlsacademy.com\/centro\/","name":"Strong Girls Academy","description":"","publisher":{"@id":"https:\/\/stronggirlsacademy.com\/centro\/#organization"},"potentialAction":[{"@type":"SearchAction","target":{"@type":"EntryPoint","urlTemplate":"https:\/\/stronggirlsacademy.com\/centro\/?s={search_term_string}"},"query-input":"required name=search_term_string"}],"inLanguage":"es"},{"@type":"Organization","@id":"https:\/\/stronggirlsacademy.com\/centro\/#organization","name":"Strong Girls Academy","url":"https:\/\/stronggirlsacademy.com\/centro\/","logo":{"@type":"ImageObject","inLanguage":"es","@id":"https:\/\/stronggirlsacademy.com\/centro\/#\/schema\/logo\/image\/","url":"https:\/\/stronggirlsacademy.com\/centro\/wp-content\/uploads\/2021\/12\/cropped-4-Strong-Girls-Academy-nt-grande-1.png","contentUrl":"https:\/\/stronggirlsacademy.com\/centro\/wp-content\/uploads\/2021\/12\/cropped-4-Strong-Girls-Academy-nt-grande-1.png","width":2084,"height":497,"caption":"Strong Girls Academy"},"image":{"@id":"https:\/\/stronggirlsacademy.com\/centro\/#\/schema\/logo\/image\/"}}]}},"_links":{"self":[{"href":"https:\/\/stronggirlsacademy.com\/centro\/wp-json\/wp\/v2\/pages\/6129"}],"collection":[{"href":"https:\/\/stronggirlsacademy.com\/centro\/wp-json\/wp\/v2\/pages"}],"about":[{"href":"https:\/\/stronggirlsacademy.com\/centro\/wp-json\/wp\/v2\/types\/page"}],"author":[{"embeddable":true,"href":"https:\/\/stronggirlsacademy.com\/centro\/wp-json\/wp\/v2\/users\/81"}],"replies":[{"embeddable":true,"href":"https:\/\/stronggirlsacademy.com\/centro\/wp-json\/wp\/v2\/comments?post=6129"}],"version-history":[{"count":0,"href":"https:\/\/stronggirlsacademy.com\/centro\/wp-json\/wp\/v2\/pages\/6129\/revisions"}],"wp:attachment":[{"href":"https:\/\/stronggirlsacademy.com\/centro\/wp-json\/wp\/v2\/media?parent=6129"}],"curies":[{"name":"wp","href":"https:\/\/api.w.org\/{rel}","templated":true}]}}